{"id":1551,"date":"2023-12-13T19:27:04","date_gmt":"2023-12-13T18:27:04","guid":{"rendered":"https:\/\/oceanbus.se\/haeufig-gestellte-fragen\/"},"modified":"2024-04-03T16:56:01","modified_gmt":"2024-04-03T14:56:01","slug":"haufig-gestellte-fragen","status":"publish","type":"page","link":"https:\/\/oceanbus.se\/de\/haufig-gestellte-fragen\/","title":{"rendered":"H\u00e4ufig gestellte Fragen"},"content":{"rendered":"<p>Hier haben wir die h\u00e4ufigsten Fragen gesammelt und beantwortet. Wenn Sie weitere Fragen haben, k\u00f6nnen Sie uns jederzeit per E-Mail kontaktieren oder am Startpunkt mit uns sprechen. Von Juli bis August haben wir nur begrenzte M\u00f6glichkeiten, E-Mails zu beantworten. Ahoi!<\/p>\n","protected":false},"excerpt":{"rendered":"<p>Hier haben wir die h\u00e4ufigsten Fragen gesammelt und beantwortet. Wenn Sie weitere Fragen haben, k\u00f6nnen Sie uns jederzeit per E-Mail kontaktieren oder am Startpunkt mit [&hellip;]<\/p>\n","protected":false},"author":2,"featured_media":0,"parent":0,"menu_order":0,"comment_status":"closed","ping_status":"closed","template":"template-faq.php","meta":{"_acf_changed":false,"footnotes":""},"class_list":["post-1551","page","type-page","status-publish","hentry"],"acf":[],"yoast_head":"<!-- This site is optimized with the Yoast SEO plugin v25.2 - https:\/\/yoast.com\/wordpress\/plugins\/seo\/ -->\n<title>H\u00e4ufig gestellte Fragen - Ocean Bus<\/title>\n<meta name=\"robots\" content=\"index, follow, max-snippet:-1, max-image-preview:large, max-video-preview:-1\" \/>\n<link rel=\"canonical\" href=\"https:\/\/oceanbus.se\/de\/haufig-gestellte-fragen\/\" \/>\n<meta property=\"og:locale\" content=\"de_DE\" \/>\n<meta property=\"og:type\" content=\"article\" \/>\n<meta property=\"og:title\" content=\"H\u00e4ufig gestellte Fragen - Ocean Bus\" \/>\n<meta property=\"og:description\" content=\"Hier haben wir die h\u00e4ufigsten Fragen gesammelt und beantwortet. Wenn Sie weitere Fragen haben, k\u00f6nnen Sie uns jederzeit per E-Mail kontaktieren oder am Startpunkt mit [&hellip;]\" \/>\n<meta property=\"og:url\" content=\"https:\/\/oceanbus.se\/de\/haufig-gestellte-fragen\/\" \/>\n<meta property=\"og:site_name\" content=\"Ocean Bus\" \/>\n<meta property=\"article:modified_time\" content=\"2024-04-03T14:56:01+00:00\" \/>\n<meta name=\"twitter:card\" content=\"summary_large_image\" \/>\n<script type=\"application\/ld+json\" class=\"yoast-schema-graph\">{\"@context\":\"https:\/\/schema.org\",\"@graph\":[{\"@type\":\"WebPage\",\"@id\":\"https:\/\/oceanbus.se\/de\/haufig-gestellte-fragen\/\",\"url\":\"https:\/\/oceanbus.se\/de\/haufig-gestellte-fragen\/\",\"name\":\"H\u00e4ufig gestellte Fragen - Ocean Bus\",\"isPartOf\":{\"@id\":\"https:\/\/oceanbus.se\/de\/#website\"},\"datePublished\":\"2023-12-13T18:27:04+00:00\",\"dateModified\":\"2024-04-03T14:56:01+00:00\",\"inLanguage\":\"de\",\"potentialAction\":[{\"@type\":\"ReadAction\",\"target\":[\"https:\/\/oceanbus.se\/de\/haufig-gestellte-fragen\/\"]}]},{\"@type\":\"WebSite\",\"@id\":\"https:\/\/oceanbus.se\/de\/#website\",\"url\":\"https:\/\/oceanbus.se\/de\/\",\"name\":\"Ocean Bus\",\"description\":\"City Sightseeing i Stockholm med amfibiebuss\",\"potentialAction\":[{\"@type\":\"SearchAction\",\"target\":{\"@type\":\"EntryPoint\",\"urlTemplate\":\"https:\/\/oceanbus.se\/de\/?s={search_term_string}\"},\"query-input\":{\"@type\":\"PropertyValueSpecification\",\"valueRequired\":true,\"valueName\":\"search_term_string\"}}],\"inLanguage\":\"de\"}]}<\/script>\n<!-- \/ Yoast SEO plugin. -->","yoast_head_json":{"title":"H\u00e4ufig gestellte Fragen - Ocean Bus","robots":{"index":"index","follow":"follow","max-snippet":"max-snippet:-1","max-image-preview":"max-image-preview:large","max-video-preview":"max-video-preview:-1"},"canonical":"https:\/\/oceanbus.se\/de\/haufig-gestellte-fragen\/","og_locale":"de_DE","og_type":"article","og_title":"H\u00e4ufig gestellte Fragen - Ocean Bus","og_description":"Hier haben wir die h\u00e4ufigsten Fragen gesammelt und beantwortet. Wenn Sie weitere Fragen haben, k\u00f6nnen Sie uns jederzeit per E-Mail kontaktieren oder am Startpunkt mit [&hellip;]","og_url":"https:\/\/oceanbus.se\/de\/haufig-gestellte-fragen\/","og_site_name":"Ocean Bus","article_modified_time":"2024-04-03T14:56:01+00:00","twitter_card":"summary_large_image","schema":{"@context":"https:\/\/schema.org","@graph":[{"@type":"WebPage","@id":"https:\/\/oceanbus.se\/de\/haufig-gestellte-fragen\/","url":"https:\/\/oceanbus.se\/de\/haufig-gestellte-fragen\/","name":"H\u00e4ufig gestellte Fragen - Ocean Bus","isPartOf":{"@id":"https:\/\/oceanbus.se\/de\/#website"},"datePublished":"2023-12-13T18:27:04+00:00","dateModified":"2024-04-03T14:56:01+00:00","inLanguage":"de","potentialAction":[{"@type":"ReadAction","target":["https:\/\/oceanbus.se\/de\/haufig-gestellte-fragen\/"]}]},{"@type":"WebSite","@id":"https:\/\/oceanbus.se\/de\/#website","url":"https:\/\/oceanbus.se\/de\/","name":"Ocean Bus","description":"City Sightseeing i Stockholm med amfibiebuss","potentialAction":[{"@type":"SearchAction","target":{"@type":"EntryPoint","urlTemplate":"https:\/\/oceanbus.se\/de\/?s={search_term_string}"},"query-input":{"@type":"PropertyValueSpecification","valueRequired":true,"valueName":"search_term_string"}}],"inLanguage":"de"}]}},"_links":{"self":[{"href":"https:\/\/oceanbus.se\/de\/wp-json\/wp\/v2\/pages\/1551","targetHints":{"allow":["GET"]}}],"collection":[{"href":"https:\/\/oceanbus.se\/de\/wp-json\/wp\/v2\/pages"}],"about":[{"href":"https:\/\/oceanbus.se\/de\/wp-json\/wp\/v2\/types\/page"}],"author":[{"embeddable":true,"href":"https:\/\/oceanbus.se\/de\/wp-json\/wp\/v2\/users\/2"}],"replies":[{"embeddable":true,"href":"https:\/\/oceanbus.se\/de\/wp-json\/wp\/v2\/comments?post=1551"}],"version-history":[{"count":0,"href":"https:\/\/oceanbus.se\/de\/wp-json\/wp\/v2\/pages\/1551\/revisions"}],"wp:attachment":[{"href":"https:\/\/oceanbus.se\/de\/wp-json\/wp\/v2\/media?parent=1551"}],"curies":[{"name":"wp","href":"https:\/\/api.w.org\/{rel}","templated":true}]}}