{"id":1555,"date":"2023-12-11T15:51:45","date_gmt":"2023-12-11T14:51:45","guid":{"rendered":"https:\/\/oceanbus.se\/warum-ocean-bus\/"},"modified":"2023-12-11T15:51:45","modified_gmt":"2023-12-11T14:51:45","slug":"warum-ocean-bus","status":"publish","type":"page","link":"https:\/\/oceanbus.se\/de\/warum-ocean-bus\/","title":{"rendered":"Warum Ocean Bus?"},"content":{"rendered":"<p>Das Erleben der Stadt vom Land und vom Wasser aus im selben Fahrzeug bietet eine neue Perspektive f\u00fcr die Erkundung von Sehensw\u00fcrdigkeiten und bietet Ausblicke auf Geb\u00e4ude und Wahrzeichen, die man nicht auf die \u00fcbliche Art und Weise sieht. Entspannung ist mit dem Erleben wundersch\u00f6ner Natur und neuem Wissen \u00fcber die Stadt verbunden.<\/p>\n","protected":false},"excerpt":{"rendered":"<p>Das Erleben der Stadt vom Land und vom Wasser aus im selben Fahrzeug bietet eine neue Perspektive f\u00fcr die Erkundung von Sehensw\u00fcrdigkeiten und bietet Ausblicke [&hellip;]<\/p>\n","protected":false},"author":2,"featured_media":1217,"parent":0,"menu_order":0,"comment_status":"closed","ping_status":"closed","template":"template-why-us.php","meta":{"_acf_changed":false,"footnotes":""},"class_list":["post-1555","page","type-page","status-publish","has-post-thumbnail","hentry"],"acf":[],"yoast_head":"<!-- This site is optimized with the Yoast SEO plugin v25.2 - https:\/\/yoast.com\/wordpress\/plugins\/seo\/ -->\n<title>Warum Ocean Bus? - Ocean Bus<\/title>\n<meta name=\"robots\" content=\"index, follow, max-snippet:-1, max-image-preview:large, max-video-preview:-1\" \/>\n<link rel=\"canonical\" href=\"https:\/\/oceanbus.se\/de\/warum-ocean-bus\/\" \/>\n<meta property=\"og:locale\" content=\"de_DE\" \/>\n<meta property=\"og:type\" content=\"article\" \/>\n<meta property=\"og:title\" content=\"Warum Ocean Bus? - Ocean Bus\" \/>\n<meta property=\"og:description\" content=\"Das Erleben der Stadt vom Land und vom Wasser aus im selben Fahrzeug bietet eine neue Perspektive f\u00fcr die Erkundung von Sehensw\u00fcrdigkeiten und bietet Ausblicke [&hellip;]\" \/>\n<meta property=\"og:url\" content=\"https:\/\/oceanbus.se\/de\/warum-ocean-bus\/\" \/>\n<meta property=\"og:site_name\" content=\"Ocean Bus\" \/>\n<meta name=\"twitter:card\" content=\"summary_large_image\" \/>\n<script type=\"application\/ld+json\" class=\"yoast-schema-graph\">{\"@context\":\"https:\/\/schema.org\",\"@graph\":[{\"@type\":\"WebPage\",\"@id\":\"https:\/\/oceanbus.se\/de\/warum-ocean-bus\/\",\"url\":\"https:\/\/oceanbus.se\/de\/warum-ocean-bus\/\",\"name\":\"Warum Ocean Bus? - Ocean Bus\",\"isPartOf\":{\"@id\":\"https:\/\/oceanbus.se\/de\/#website\"},\"primaryImageOfPage\":{\"@id\":\"https:\/\/oceanbus.se\/de\/warum-ocean-bus\/#primaryimage\"},\"image\":{\"@id\":\"https:\/\/oceanbus.se\/de\/warum-ocean-bus\/#primaryimage\"},\"thumbnailUrl\":\"https:\/\/oceanbus.se\/wp-content\/uploads\/2024\/01\/oceanbus-i-vatten.jpg\",\"datePublished\":\"2023-12-11T14:51:45+00:00\",\"inLanguage\":\"de\",\"potentialAction\":[{\"@type\":\"ReadAction\",\"target\":[\"https:\/\/oceanbus.se\/de\/warum-ocean-bus\/\"]}]},{\"@type\":\"ImageObject\",\"inLanguage\":\"de\",\"@id\":\"https:\/\/oceanbus.se\/de\/warum-ocean-bus\/#primaryimage\",\"url\":\"https:\/\/oceanbus.se\/wp-content\/uploads\/2024\/01\/oceanbus-i-vatten.jpg\",\"contentUrl\":\"https:\/\/oceanbus.se\/wp-content\/uploads\/2024\/01\/oceanbus-i-vatten.jpg\",\"width\":1200,\"height\":1176},{\"@type\":\"WebSite\",\"@id\":\"https:\/\/oceanbus.se\/de\/#website\",\"url\":\"https:\/\/oceanbus.se\/de\/\",\"name\":\"Ocean Bus\",\"description\":\"City Sightseeing i Stockholm med amfibiebuss\",\"potentialAction\":[{\"@type\":\"SearchAction\",\"target\":{\"@type\":\"EntryPoint\",\"urlTemplate\":\"https:\/\/oceanbus.se\/de\/?s={search_term_string}\"},\"query-input\":{\"@type\":\"PropertyValueSpecification\",\"valueRequired\":true,\"valueName\":\"search_term_string\"}}],\"inLanguage\":\"de\"}]}<\/script>\n<!-- \/ Yoast SEO plugin. -->","yoast_head_json":{"title":"Warum Ocean Bus? - Ocean Bus","robots":{"index":"index","follow":"follow","max-snippet":"max-snippet:-1","max-image-preview":"max-image-preview:large","max-video-preview":"max-video-preview:-1"},"canonical":"https:\/\/oceanbus.se\/de\/warum-ocean-bus\/","og_locale":"de_DE","og_type":"article","og_title":"Warum Ocean Bus? - Ocean Bus","og_description":"Das Erleben der Stadt vom Land und vom Wasser aus im selben Fahrzeug bietet eine neue Perspektive f\u00fcr die Erkundung von Sehensw\u00fcrdigkeiten und bietet Ausblicke [&hellip;]","og_url":"https:\/\/oceanbus.se\/de\/warum-ocean-bus\/","og_site_name":"Ocean Bus","twitter_card":"summary_large_image","schema":{"@context":"https:\/\/schema.org","@graph":[{"@type":"WebPage","@id":"https:\/\/oceanbus.se\/de\/warum-ocean-bus\/","url":"https:\/\/oceanbus.se\/de\/warum-ocean-bus\/","name":"Warum Ocean Bus? - Ocean Bus","isPartOf":{"@id":"https:\/\/oceanbus.se\/de\/#website"},"primaryImageOfPage":{"@id":"https:\/\/oceanbus.se\/de\/warum-ocean-bus\/#primaryimage"},"image":{"@id":"https:\/\/oceanbus.se\/de\/warum-ocean-bus\/#primaryimage"},"thumbnailUrl":"https:\/\/oceanbus.se\/wp-content\/uploads\/2024\/01\/oceanbus-i-vatten.jpg","datePublished":"2023-12-11T14:51:45+00:00","inLanguage":"de","potentialAction":[{"@type":"ReadAction","target":["https:\/\/oceanbus.se\/de\/warum-ocean-bus\/"]}]},{"@type":"ImageObject","inLanguage":"de","@id":"https:\/\/oceanbus.se\/de\/warum-ocean-bus\/#primaryimage","url":"https:\/\/oceanbus.se\/wp-content\/uploads\/2024\/01\/oceanbus-i-vatten.jpg","contentUrl":"https:\/\/oceanbus.se\/wp-content\/uploads\/2024\/01\/oceanbus-i-vatten.jpg","width":1200,"height":1176},{"@type":"WebSite","@id":"https:\/\/oceanbus.se\/de\/#website","url":"https:\/\/oceanbus.se\/de\/","name":"Ocean Bus","description":"City Sightseeing i Stockholm med amfibiebuss","potentialAction":[{"@type":"SearchAction","target":{"@type":"EntryPoint","urlTemplate":"https:\/\/oceanbus.se\/de\/?s={search_term_string}"},"query-input":{"@type":"PropertyValueSpecification","valueRequired":true,"valueName":"search_term_string"}}],"inLanguage":"de"}]}},"_links":{"self":[{"href":"https:\/\/oceanbus.se\/de\/wp-json\/wp\/v2\/pages\/1555","targetHints":{"allow":["GET"]}}],"collection":[{"href":"https:\/\/oceanbus.se\/de\/wp-json\/wp\/v2\/pages"}],"about":[{"href":"https:\/\/oceanbus.se\/de\/wp-json\/wp\/v2\/types\/page"}],"author":[{"embeddable":true,"href":"https:\/\/oceanbus.se\/de\/wp-json\/wp\/v2\/users\/2"}],"replies":[{"embeddable":true,"href":"https:\/\/oceanbus.se\/de\/wp-json\/wp\/v2\/comments?post=1555"}],"version-history":[{"count":0,"href":"https:\/\/oceanbus.se\/de\/wp-json\/wp\/v2\/pages\/1555\/revisions"}],"wp:featuredmedia":[{"embeddable":true,"href":"https:\/\/oceanbus.se\/de\/wp-json\/wp\/v2\/media\/1217"}],"wp:attachment":[{"href":"https:\/\/oceanbus.se\/de\/wp-json\/wp\/v2\/media?parent=1555"}],"curies":[{"name":"wp","href":"https:\/\/api.w.org\/{rel}","templated":true}]}}