{"id":1561,"date":"2023-12-23T16:55:16","date_gmt":"2023-12-23T15:55:16","guid":{"rendered":"https:\/\/oceanbus.se\/ueber-uns\/"},"modified":"2024-04-03T16:53:31","modified_gmt":"2024-04-03T14:53:31","slug":"uber-uns","status":"publish","type":"page","link":"https:\/\/oceanbus.se\/de\/uber-uns\/","title":{"rendered":"\u00dcber uns"},"content":{"rendered":"<p>Ocean Bus wurde 2013 von den Br\u00fcdern Max und Paul Ekwall gegr\u00fcndet. Ziel war es, der erste in Skandinavien mit einem Amphibienbus im kommerziellen Einsatz zu sein. Theoretisch schien die Aufgabe erschwinglich zu sein, aber aufgrund der strengen Gesetze und Vorschriften Schwedens und der EU stellte sich heraus, dass das Projekt deutlich mehr Arbeit erforderte, als wir von Anfang an erwartet hatten. Aber \u201eder Faule gewinnt\u201c und nach zahlreichen Treffen mit Beh\u00f6rden, Kontrollstellen, Interessengruppen und Reisen zum Hersteller in die USA unternahm Ocean Bus im August 2014 seine Jungfernfahrt im Royal Djurg\u00e5rden in Stockholm.<\/p>\n<p>Die Amphibienbusse erf\u00fcllen die Sicherheitsanforderungen sowohl f\u00fcr Busse als auch f\u00fcr Passagierschiffe, jedoch in ein und demselben Paket. Sie wurden von schwedischen Inspektionsstellen und der schwedischen Transportbeh\u00f6rde getestet und zugelassen. Sie sind mit der notwendigen Sicherheitsausr\u00fcstung ausgestattet und werden von speziell geschultem Personal durchgef\u00fchrt.<\/p>\n<p>Wir von Ocean Bus m\u00f6chten die Gelegenheit nutzen, uns bei allen zu bedanken, die uns w\u00e4hrend der Reise unterst\u00fctzt haben. Du wei\u00dft, wer du bist und ohne dich w\u00e4re das nie m\u00f6glich gewesen.<\/p>\n<p>Ich freue mich darauf, Sie alle an Bord zu sehen!<\/p>\n<p>Ocean Bus Crew<\/p>\n","protected":false},"excerpt":{"rendered":"<p>Ocean Bus wurde 2013 von den Br\u00fcdern Max und Paul Ekwall gegr\u00fcndet. Ziel war es, der erste in Skandinavien mit einem Amphibienbus im kommerziellen Einsatz [&hellip;]<\/p>\n","protected":false},"author":2,"featured_media":0,"parent":0,"menu_order":0,"comment_status":"closed","ping_status":"closed","template":"","meta":{"_acf_changed":false,"footnotes":""},"class_list":["post-1561","page","type-page","status-publish","hentry"],"acf":[],"yoast_head":"<!-- This site is optimized with the Yoast SEO plugin v25.2 - https:\/\/yoast.com\/wordpress\/plugins\/seo\/ -->\n<title>\u00dcber uns - Ocean Bus<\/title>\n<meta name=\"robots\" content=\"index, follow, max-snippet:-1, max-image-preview:large, max-video-preview:-1\" \/>\n<link rel=\"canonical\" href=\"https:\/\/oceanbus.se\/de\/uber-uns\/\" \/>\n<meta property=\"og:locale\" content=\"de_DE\" \/>\n<meta property=\"og:type\" content=\"article\" \/>\n<meta property=\"og:title\" content=\"\u00dcber uns - Ocean Bus\" \/>\n<meta property=\"og:description\" content=\"Ocean Bus wurde 2013 von den Br\u00fcdern Max und Paul Ekwall gegr\u00fcndet. Ziel war es, der erste in Skandinavien mit einem Amphibienbus im kommerziellen Einsatz [&hellip;]\" \/>\n<meta property=\"og:url\" content=\"https:\/\/oceanbus.se\/de\/uber-uns\/\" \/>\n<meta property=\"og:site_name\" content=\"Ocean Bus\" \/>\n<meta property=\"article:modified_time\" content=\"2024-04-03T14:53:31+00:00\" \/>\n<meta name=\"twitter:card\" content=\"summary_large_image\" \/>\n<meta name=\"twitter:label1\" content=\"Gesch\u00e4tzte Lesezeit\" \/>\n\t<meta name=\"twitter:data1\" content=\"1\u00a0Minute\" \/>\n<script type=\"application\/ld+json\" class=\"yoast-schema-graph\">{\"@context\":\"https:\/\/schema.org\",\"@graph\":[{\"@type\":\"WebPage\",\"@id\":\"https:\/\/oceanbus.se\/de\/uber-uns\/\",\"url\":\"https:\/\/oceanbus.se\/de\/uber-uns\/\",\"name\":\"\u00dcber uns - Ocean Bus\",\"isPartOf\":{\"@id\":\"https:\/\/oceanbus.se\/de\/#website\"},\"datePublished\":\"2023-12-23T15:55:16+00:00\",\"dateModified\":\"2024-04-03T14:53:31+00:00\",\"inLanguage\":\"de\",\"potentialAction\":[{\"@type\":\"ReadAction\",\"target\":[\"https:\/\/oceanbus.se\/de\/uber-uns\/\"]}]},{\"@type\":\"WebSite\",\"@id\":\"https:\/\/oceanbus.se\/de\/#website\",\"url\":\"https:\/\/oceanbus.se\/de\/\",\"name\":\"Ocean Bus\",\"description\":\"City Sightseeing i Stockholm med amfibiebuss\",\"potentialAction\":[{\"@type\":\"SearchAction\",\"target\":{\"@type\":\"EntryPoint\",\"urlTemplate\":\"https:\/\/oceanbus.se\/de\/?s={search_term_string}\"},\"query-input\":{\"@type\":\"PropertyValueSpecification\",\"valueRequired\":true,\"valueName\":\"search_term_string\"}}],\"inLanguage\":\"de\"}]}<\/script>\n<!-- \/ Yoast SEO plugin. -->","yoast_head_json":{"title":"\u00dcber uns - Ocean Bus","robots":{"index":"index","follow":"follow","max-snippet":"max-snippet:-1","max-image-preview":"max-image-preview:large","max-video-preview":"max-video-preview:-1"},"canonical":"https:\/\/oceanbus.se\/de\/uber-uns\/","og_locale":"de_DE","og_type":"article","og_title":"\u00dcber uns - Ocean Bus","og_description":"Ocean Bus wurde 2013 von den Br\u00fcdern Max und Paul Ekwall gegr\u00fcndet. Ziel war es, der erste in Skandinavien mit einem Amphibienbus im kommerziellen Einsatz [&hellip;]","og_url":"https:\/\/oceanbus.se\/de\/uber-uns\/","og_site_name":"Ocean Bus","article_modified_time":"2024-04-03T14:53:31+00:00","twitter_card":"summary_large_image","twitter_misc":{"Gesch\u00e4tzte Lesezeit":"1\u00a0Minute"},"schema":{"@context":"https:\/\/schema.org","@graph":[{"@type":"WebPage","@id":"https:\/\/oceanbus.se\/de\/uber-uns\/","url":"https:\/\/oceanbus.se\/de\/uber-uns\/","name":"\u00dcber uns - Ocean Bus","isPartOf":{"@id":"https:\/\/oceanbus.se\/de\/#website"},"datePublished":"2023-12-23T15:55:16+00:00","dateModified":"2024-04-03T14:53:31+00:00","inLanguage":"de","potentialAction":[{"@type":"ReadAction","target":["https:\/\/oceanbus.se\/de\/uber-uns\/"]}]},{"@type":"WebSite","@id":"https:\/\/oceanbus.se\/de\/#website","url":"https:\/\/oceanbus.se\/de\/","name":"Ocean Bus","description":"City Sightseeing i Stockholm med amfibiebuss","potentialAction":[{"@type":"SearchAction","target":{"@type":"EntryPoint","urlTemplate":"https:\/\/oceanbus.se\/de\/?s={search_term_string}"},"query-input":{"@type":"PropertyValueSpecification","valueRequired":true,"valueName":"search_term_string"}}],"inLanguage":"de"}]}},"_links":{"self":[{"href":"https:\/\/oceanbus.se\/de\/wp-json\/wp\/v2\/pages\/1561","targetHints":{"allow":["GET"]}}],"collection":[{"href":"https:\/\/oceanbus.se\/de\/wp-json\/wp\/v2\/pages"}],"about":[{"href":"https:\/\/oceanbus.se\/de\/wp-json\/wp\/v2\/types\/page"}],"author":[{"embeddable":true,"href":"https:\/\/oceanbus.se\/de\/wp-json\/wp\/v2\/users\/2"}],"replies":[{"embeddable":true,"href":"https:\/\/oceanbus.se\/de\/wp-json\/wp\/v2\/comments?post=1561"}],"version-history":[{"count":0,"href":"https:\/\/oceanbus.se\/de\/wp-json\/wp\/v2\/pages\/1561\/revisions"}],"wp:attachment":[{"href":"https:\/\/oceanbus.se\/de\/wp-json\/wp\/v2\/media?parent=1561"}],"curies":[{"name":"wp","href":"https:\/\/api.w.org\/{rel}","templated":true}]}}