{"id":1977,"date":"2025-05-19T14:24:41","date_gmt":"2025-05-19T12:24:41","guid":{"rendered":"https:\/\/oceanbus.se\/aktivitaeten-in-goeteborg\/"},"modified":"2025-05-27T17:35:48","modified_gmt":"2025-05-27T15:35:48","slug":"aktivitaeten-in-goeteborg","status":"publish","type":"page","link":"https:\/\/oceanbus.se\/de\/aktivitaeten-in-goeteborg\/","title":{"rendered":"Aktivit\u00e4ten in G\u00f6teborg <br><span class=\"h3\">\u2013 Starten Sie mit Ocean Bus<\/span>"},"content":{"rendered":"<p><strong>G\u00f6teborg<\/strong> \u2013 eine Stadt, in der salzige Meeresbrisen auf entspannte Atmosph\u00e4re treffen und sich Kan\u00e4le zwischen alten Holzh\u00e4usern und moderner Architektur schl\u00e4ngeln. Ocean Bus bringt Sie mitten durch die Stadt \u2013 zu Land und zu Wasser \u2013 der perfekte Start in Ihr G\u00f6teborg-Abenteuer. Hier finden Sie unsere besten Tipps f\u00fcr Sehensw\u00fcrdigkeiten und Erlebnisse in der Stadt, sorgf\u00e4ltig f\u00fcr Entdecker ausgew\u00e4hlt.<\/p>\n","protected":false},"excerpt":{"rendered":"<p>G\u00f6teborg \u2013 eine Stadt, in der salzige Meeresbrisen auf entspannte Atmosph\u00e4re treffen und sich Kan\u00e4le zwischen alten Holzh\u00e4usern und moderner Architektur schl\u00e4ngeln. Ocean Bus bringt [&hellip;]<\/p>\n","protected":false},"author":1,"featured_media":0,"parent":0,"menu_order":0,"comment_status":"closed","ping_status":"closed","template":"template-stadsguider.php","meta":{"_acf_changed":false,"footnotes":""},"class_list":["post-1977","page","type-page","status-publish","hentry"],"acf":[],"yoast_head":"<!-- This site is optimized with the Yoast SEO plugin v25.2 - https:\/\/yoast.com\/wordpress\/plugins\/seo\/ -->\n<title>Aktivit\u00e4ten in G\u00f6teborg 2025 \u2013 Sightseeing, Museen &amp; Erlebnisse | Ocean Bus<\/title>\n<meta name=\"description\" content=\"Entdecken Sie die Highlights von G\u00f6teborg \u2013 von Liseberg bis Maritiman. Kombinieren Sie Ihre Stadtbesichtigung mit einer einzigartigen Tour zu Land und Wasser mit dem Ocean Bus.\" \/>\n<meta name=\"robots\" content=\"index, follow, max-snippet:-1, max-image-preview:large, max-video-preview:-1\" \/>\n<link rel=\"canonical\" href=\"https:\/\/oceanbus.se\/de\/aktivitaeten-in-goeteborg\/\" \/>\n<meta property=\"og:locale\" content=\"de_DE\" \/>\n<meta property=\"og:type\" content=\"article\" \/>\n<meta property=\"og:title\" content=\"Aktivit\u00e4ten in G\u00f6teborg 2025 \u2013 Sightseeing, Museen &amp; Erlebnisse | Ocean Bus\" \/>\n<meta property=\"og:description\" content=\"Entdecken Sie die Highlights von G\u00f6teborg \u2013 von Liseberg bis Maritiman. Kombinieren Sie Ihre Stadtbesichtigung mit einer einzigartigen Tour zu Land und Wasser mit dem Ocean Bus.\" \/>\n<meta property=\"og:url\" content=\"https:\/\/oceanbus.se\/de\/aktivitaeten-in-goeteborg\/\" \/>\n<meta property=\"og:site_name\" content=\"Ocean Bus\" \/>\n<meta property=\"article:modified_time\" content=\"2025-05-27T15:35:48+00:00\" \/>\n<meta name=\"twitter:card\" content=\"summary_large_image\" \/>\n<meta name=\"twitter:label1\" content=\"Gesch\u00e4tzte Lesezeit\" \/>\n\t<meta name=\"twitter:data1\" content=\"1\u00a0Minute\" \/>\n<script type=\"application\/ld+json\" class=\"yoast-schema-graph\">{\"@context\":\"https:\/\/schema.org\",\"@graph\":[{\"@type\":\"WebPage\",\"@id\":\"https:\/\/oceanbus.se\/de\/aktivitaeten-in-goeteborg\/\",\"url\":\"https:\/\/oceanbus.se\/de\/aktivitaeten-in-goeteborg\/\",\"name\":\"Aktivit\u00e4ten in G\u00f6teborg 2025 \u2013 Sightseeing, Museen & Erlebnisse | Ocean Bus\",\"isPartOf\":{\"@id\":\"https:\/\/oceanbus.se\/de\/#website\"},\"datePublished\":\"2025-05-19T12:24:41+00:00\",\"dateModified\":\"2025-05-27T15:35:48+00:00\",\"description\":\"Entdecken Sie die Highlights von G\u00f6teborg \u2013 von Liseberg bis Maritiman. Kombinieren Sie Ihre Stadtbesichtigung mit einer einzigartigen Tour zu Land und Wasser mit dem Ocean Bus.\",\"inLanguage\":\"de\",\"potentialAction\":[{\"@type\":\"ReadAction\",\"target\":[\"https:\/\/oceanbus.se\/de\/aktivitaeten-in-goeteborg\/\"]}]},{\"@type\":\"WebSite\",\"@id\":\"https:\/\/oceanbus.se\/de\/#website\",\"url\":\"https:\/\/oceanbus.se\/de\/\",\"name\":\"Ocean Bus\",\"description\":\"City Sightseeing i Stockholm med amfibiebuss\",\"potentialAction\":[{\"@type\":\"SearchAction\",\"target\":{\"@type\":\"EntryPoint\",\"urlTemplate\":\"https:\/\/oceanbus.se\/de\/?s={search_term_string}\"},\"query-input\":{\"@type\":\"PropertyValueSpecification\",\"valueRequired\":true,\"valueName\":\"search_term_string\"}}],\"inLanguage\":\"de\"}]}<\/script>\n<!-- \/ Yoast SEO plugin. -->","yoast_head_json":{"title":"Aktivit\u00e4ten in G\u00f6teborg 2025 \u2013 Sightseeing, Museen & Erlebnisse | Ocean Bus","description":"Entdecken Sie die Highlights von G\u00f6teborg \u2013 von Liseberg bis Maritiman. Kombinieren Sie Ihre Stadtbesichtigung mit einer einzigartigen Tour zu Land und Wasser mit dem Ocean Bus.","robots":{"index":"index","follow":"follow","max-snippet":"max-snippet:-1","max-image-preview":"max-image-preview:large","max-video-preview":"max-video-preview:-1"},"canonical":"https:\/\/oceanbus.se\/de\/aktivitaeten-in-goeteborg\/","og_locale":"de_DE","og_type":"article","og_title":"Aktivit\u00e4ten in G\u00f6teborg 2025 \u2013 Sightseeing, Museen & Erlebnisse | Ocean Bus","og_description":"Entdecken Sie die Highlights von G\u00f6teborg \u2013 von Liseberg bis Maritiman. Kombinieren Sie Ihre Stadtbesichtigung mit einer einzigartigen Tour zu Land und Wasser mit dem Ocean Bus.","og_url":"https:\/\/oceanbus.se\/de\/aktivitaeten-in-goeteborg\/","og_site_name":"Ocean Bus","article_modified_time":"2025-05-27T15:35:48+00:00","twitter_card":"summary_large_image","twitter_misc":{"Gesch\u00e4tzte Lesezeit":"1\u00a0Minute"},"schema":{"@context":"https:\/\/schema.org","@graph":[{"@type":"WebPage","@id":"https:\/\/oceanbus.se\/de\/aktivitaeten-in-goeteborg\/","url":"https:\/\/oceanbus.se\/de\/aktivitaeten-in-goeteborg\/","name":"Aktivit\u00e4ten in G\u00f6teborg 2025 \u2013 Sightseeing, Museen & Erlebnisse | Ocean Bus","isPartOf":{"@id":"https:\/\/oceanbus.se\/de\/#website"},"datePublished":"2025-05-19T12:24:41+00:00","dateModified":"2025-05-27T15:35:48+00:00","description":"Entdecken Sie die Highlights von G\u00f6teborg \u2013 von Liseberg bis Maritiman. Kombinieren Sie Ihre Stadtbesichtigung mit einer einzigartigen Tour zu Land und Wasser mit dem Ocean Bus.","inLanguage":"de","potentialAction":[{"@type":"ReadAction","target":["https:\/\/oceanbus.se\/de\/aktivitaeten-in-goeteborg\/"]}]},{"@type":"WebSite","@id":"https:\/\/oceanbus.se\/de\/#website","url":"https:\/\/oceanbus.se\/de\/","name":"Ocean Bus","description":"City Sightseeing i Stockholm med amfibiebuss","potentialAction":[{"@type":"SearchAction","target":{"@type":"EntryPoint","urlTemplate":"https:\/\/oceanbus.se\/de\/?s={search_term_string}"},"query-input":{"@type":"PropertyValueSpecification","valueRequired":true,"valueName":"search_term_string"}}],"inLanguage":"de"}]}},"_links":{"self":[{"href":"https:\/\/oceanbus.se\/de\/wp-json\/wp\/v2\/pages\/1977","targetHints":{"allow":["GET"]}}],"collection":[{"href":"https:\/\/oceanbus.se\/de\/wp-json\/wp\/v2\/pages"}],"about":[{"href":"https:\/\/oceanbus.se\/de\/wp-json\/wp\/v2\/types\/page"}],"author":[{"embeddable":true,"href":"https:\/\/oceanbus.se\/de\/wp-json\/wp\/v2\/users\/1"}],"replies":[{"embeddable":true,"href":"https:\/\/oceanbus.se\/de\/wp-json\/wp\/v2\/comments?post=1977"}],"version-history":[{"count":1,"href":"https:\/\/oceanbus.se\/de\/wp-json\/wp\/v2\/pages\/1977\/revisions"}],"predecessor-version":[{"id":2050,"href":"https:\/\/oceanbus.se\/de\/wp-json\/wp\/v2\/pages\/1977\/revisions\/2050"}],"wp:attachment":[{"href":"https:\/\/oceanbus.se\/de\/wp-json\/wp\/v2\/media?parent=1977"}],"curies":[{"name":"wp","href":"https:\/\/api.w.org\/{rel}","templated":true}]}}